{"id":2926,"date":"2019-12-03T21:55:00","date_gmt":"2019-12-03T21:55:00","guid":{"rendered":"https:\/\/www.levinlegalhelp.com\/contacta-con-nosotras\/"},"modified":"2022-07-03T09:58:27","modified_gmt":"2022-07-03T09:58:27","slug":"contacta-con-nosotras","status":"publish","type":"page","link":"https:\/\/www.levinlegalhelp.com\/es\/contacta-con-nosotras\/","title":{"rendered":"Contacta con nosotras"},"content":{"rendered":"","protected":false},"excerpt":{"rendered":"","protected":false},"author":1,"featured_media":2298,"parent":0,"menu_order":0,"comment_status":"closed","ping_status":"closed","template":"template-page-contact.php","meta":{"footnotes":""},"class_list":["post-2926","page","type-page","status-publish","has-post-thumbnail","hentry"],"acf":[],"yoast_head":"<!-- This site is optimized with the Yoast SEO plugin v26.5 - https:\/\/yoast.com\/wordpress\/plugins\/seo\/ -->\n<title>Comun\u00edquese con las Oficinas Legales de Jennie Levin | Llame al 323.951.1188 en cualquier momento<\/title>\n<meta name=\"description\" content=\"Si est\u00e1 buscando representaci\u00f3n legal con experiencia, comun\u00edquese con la oficina legal de Jenny Levin, PC. Brindamos representaci\u00f3n por lesiones personales, negocios, bienes ra\u00edces y m\u00e1s.\" \/>\n<meta name=\"robots\" content=\"index, follow, max-snippet:-1, max-image-preview:large, max-video-preview:-1\" \/>\n<link rel=\"canonical\" href=\"https:\/\/www.levinlegalhelp.com\/es\/contacta-con-nosotras\/\" \/>\n<meta property=\"og:locale\" content=\"es_ES\" \/>\n<meta property=\"og:type\" content=\"article\" \/>\n<meta property=\"og:title\" content=\"Comun\u00edquese con las Oficinas Legales de Jennie Levin | Llame al 323.951.1188 en cualquier momento\" \/>\n<meta property=\"og:description\" content=\"Si est\u00e1 buscando representaci\u00f3n legal con experiencia, comun\u00edquese con la oficina legal de Jenny Levin, PC. Brindamos representaci\u00f3n por lesiones personales, negocios, bienes ra\u00edces y m\u00e1s.\" \/>\n<meta property=\"og:url\" content=\"https:\/\/www.levinlegalhelp.com\/es\/contacta-con-nosotras\/\" \/>\n<meta property=\"og:site_name\" content=\"Los Angeles Personal Injury Attorney\" \/>\n<meta property=\"article:publisher\" content=\"https:\/\/www.facebook.com\/Law-Offices-of-Jennie-Levin-PC-676102555877360\/?rf=147715378604527\" \/>\n<meta property=\"article:modified_time\" content=\"2022-07-03T09:58:27+00:00\" \/>\n<meta property=\"og:image\" content=\"https:\/\/www.levinlegalhelp.com\/wp-content\/uploads\/2019\/12\/los-angeles-dwntwn.jpg\" \/>\n\t<meta property=\"og:image:width\" content=\"1920\" \/>\n\t<meta property=\"og:image:height\" content=\"1278\" \/>\n\t<meta property=\"og:image:type\" content=\"image\/jpeg\" \/>\n<meta name=\"twitter:card\" content=\"summary_large_image\" \/>\n<meta name=\"twitter:site\" content=\"@JennieLevinLaw\" \/>\n<script type=\"application\/ld+json\" class=\"yoast-schema-graph\">{\"@context\":\"https:\/\/schema.org\",\"@graph\":[{\"@type\":\"WebPage\",\"@id\":\"https:\/\/www.levinlegalhelp.com\/es\/contacta-con-nosotras\/\",\"url\":\"https:\/\/www.levinlegalhelp.com\/es\/contacta-con-nosotras\/\",\"name\":\"Comun\u00edquese con las Oficinas Legales de Jennie Levin | Llame al 323.951.1188 en cualquier momento\",\"isPartOf\":{\"@id\":\"https:\/\/www.levinlegalhelp.com\/es\/#website\"},\"primaryImageOfPage\":{\"@id\":\"https:\/\/www.levinlegalhelp.com\/es\/contacta-con-nosotras\/#primaryimage\"},\"image\":{\"@id\":\"https:\/\/www.levinlegalhelp.com\/es\/contacta-con-nosotras\/#primaryimage\"},\"thumbnailUrl\":\"https:\/\/www.levinlegalhelp.com\/wp-content\/uploads\/2019\/12\/los-angeles-dwntwn.jpg\",\"datePublished\":\"2019-12-03T21:55:00+00:00\",\"dateModified\":\"2022-07-03T09:58:27+00:00\",\"description\":\"Si est\u00e1 buscando representaci\u00f3n legal con experiencia, comun\u00edquese con la oficina legal de Jenny Levin, PC. Brindamos representaci\u00f3n por lesiones personales, negocios, bienes ra\u00edces y m\u00e1s.\",\"breadcrumb\":{\"@id\":\"https:\/\/www.levinlegalhelp.com\/es\/contacta-con-nosotras\/#breadcrumb\"},\"inLanguage\":\"es\",\"potentialAction\":[{\"@type\":\"ReadAction\",\"target\":[\"https:\/\/www.levinlegalhelp.com\/es\/contacta-con-nosotras\/\"]}]},{\"@type\":\"ImageObject\",\"inLanguage\":\"es\",\"@id\":\"https:\/\/www.levinlegalhelp.com\/es\/contacta-con-nosotras\/#primaryimage\",\"url\":\"https:\/\/www.levinlegalhelp.com\/wp-content\/uploads\/2019\/12\/los-angeles-dwntwn.jpg\",\"contentUrl\":\"https:\/\/www.levinlegalhelp.com\/wp-content\/uploads\/2019\/12\/los-angeles-dwntwn.jpg\",\"width\":1920,\"height\":1278},{\"@type\":\"BreadcrumbList\",\"@id\":\"https:\/\/www.levinlegalhelp.com\/es\/contacta-con-nosotras\/#breadcrumb\",\"itemListElement\":[{\"@type\":\"ListItem\",\"position\":1,\"name\":\"Home\",\"item\":\"https:\/\/www.levinlegalhelp.com\/es\/\"},{\"@type\":\"ListItem\",\"position\":2,\"name\":\"Contacta con nosotras\"}]},{\"@type\":\"WebSite\",\"@id\":\"https:\/\/www.levinlegalhelp.com\/es\/#website\",\"url\":\"https:\/\/www.levinlegalhelp.com\/es\/\",\"name\":\"Los Angeles Personal Injury Attorney\",\"description\":\"\",\"publisher\":{\"@id\":\"https:\/\/www.levinlegalhelp.com\/es\/#organization\"},\"potentialAction\":[{\"@type\":\"SearchAction\",\"target\":{\"@type\":\"EntryPoint\",\"urlTemplate\":\"https:\/\/www.levinlegalhelp.com\/es\/?s={search_term_string}\"},\"query-input\":{\"@type\":\"PropertyValueSpecification\",\"valueRequired\":true,\"valueName\":\"search_term_string\"}}],\"inLanguage\":\"es\"},{\"@type\":\"Organization\",\"@id\":\"https:\/\/www.levinlegalhelp.com\/es\/#organization\",\"name\":\"Law Offices of Jennie Levin P.C.\",\"url\":\"https:\/\/www.levinlegalhelp.com\/es\/\",\"logo\":{\"@type\":\"ImageObject\",\"inLanguage\":\"es\",\"@id\":\"https:\/\/www.levinlegalhelp.com\/es\/#\/schema\/logo\/image\/\",\"url\":\"https:\/\/www.levinlegalhelp.com\/wp-content\/uploads\/2020\/05\/jennie-levin-law-offices.jpg\",\"contentUrl\":\"https:\/\/www.levinlegalhelp.com\/wp-content\/uploads\/2020\/05\/jennie-levin-law-offices.jpg\",\"width\":300,\"height\":85,\"caption\":\"Law Offices of Jennie Levin P.C.\"},\"image\":{\"@id\":\"https:\/\/www.levinlegalhelp.com\/es\/#\/schema\/logo\/image\/\"},\"sameAs\":[\"https:\/\/www.facebook.com\/Law-Offices-of-Jennie-Levin-PC-676102555877360\/?rf=147715378604527\",\"https:\/\/x.com\/JennieLevinLaw\",\"https:\/\/www.instagram.com\/injuryattorney\/\",\"https:\/\/www.linkedin.com\/company\/law-offices-of-jennie-levin-p.c.\",\"https:\/\/www.pinterest.com\/LawOfficesOfJennieLevin\/\",\"https:\/\/www.youtube.com\/channel\/UCaSB1Jf_tcCn5QwwEHMgyVA\"]}]}<\/script>\n<!-- \/ Yoast SEO plugin. -->","yoast_head_json":{"title":"Comun\u00edquese con las Oficinas Legales de Jennie Levin | Llame al 323.951.1188 en cualquier momento","description":"Si est\u00e1 buscando representaci\u00f3n legal con experiencia, comun\u00edquese con la oficina legal de Jenny Levin, PC. Brindamos representaci\u00f3n por lesiones personales, negocios, bienes ra\u00edces y m\u00e1s.","robots":{"index":"index","follow":"follow","max-snippet":"max-snippet:-1","max-image-preview":"max-image-preview:large","max-video-preview":"max-video-preview:-1"},"canonical":"https:\/\/www.levinlegalhelp.com\/es\/contacta-con-nosotras\/","og_locale":"es_ES","og_type":"article","og_title":"Comun\u00edquese con las Oficinas Legales de Jennie Levin | Llame al 323.951.1188 en cualquier momento","og_description":"Si est\u00e1 buscando representaci\u00f3n legal con experiencia, comun\u00edquese con la oficina legal de Jenny Levin, PC. Brindamos representaci\u00f3n por lesiones personales, negocios, bienes ra\u00edces y m\u00e1s.","og_url":"https:\/\/www.levinlegalhelp.com\/es\/contacta-con-nosotras\/","og_site_name":"Los Angeles Personal Injury Attorney","article_publisher":"https:\/\/www.facebook.com\/Law-Offices-of-Jennie-Levin-PC-676102555877360\/?rf=147715378604527","article_modified_time":"2022-07-03T09:58:27+00:00","og_image":[{"width":1920,"height":1278,"url":"https:\/\/www.levinlegalhelp.com\/wp-content\/uploads\/2019\/12\/los-angeles-dwntwn.jpg","type":"image\/jpeg"}],"twitter_card":"summary_large_image","twitter_site":"@JennieLevinLaw","schema":{"@context":"https:\/\/schema.org","@graph":[{"@type":"WebPage","@id":"https:\/\/www.levinlegalhelp.com\/es\/contacta-con-nosotras\/","url":"https:\/\/www.levinlegalhelp.com\/es\/contacta-con-nosotras\/","name":"Comun\u00edquese con las Oficinas Legales de Jennie Levin | Llame al 323.951.1188 en cualquier momento","isPartOf":{"@id":"https:\/\/www.levinlegalhelp.com\/es\/#website"},"primaryImageOfPage":{"@id":"https:\/\/www.levinlegalhelp.com\/es\/contacta-con-nosotras\/#primaryimage"},"image":{"@id":"https:\/\/www.levinlegalhelp.com\/es\/contacta-con-nosotras\/#primaryimage"},"thumbnailUrl":"https:\/\/www.levinlegalhelp.com\/wp-content\/uploads\/2019\/12\/los-angeles-dwntwn.jpg","datePublished":"2019-12-03T21:55:00+00:00","dateModified":"2022-07-03T09:58:27+00:00","description":"Si est\u00e1 buscando representaci\u00f3n legal con experiencia, comun\u00edquese con la oficina legal de Jenny Levin, PC. Brindamos representaci\u00f3n por lesiones personales, negocios, bienes ra\u00edces y m\u00e1s.","breadcrumb":{"@id":"https:\/\/www.levinlegalhelp.com\/es\/contacta-con-nosotras\/#breadcrumb"},"inLanguage":"es","potentialAction":[{"@type":"ReadAction","target":["https:\/\/www.levinlegalhelp.com\/es\/contacta-con-nosotras\/"]}]},{"@type":"ImageObject","inLanguage":"es","@id":"https:\/\/www.levinlegalhelp.com\/es\/contacta-con-nosotras\/#primaryimage","url":"https:\/\/www.levinlegalhelp.com\/wp-content\/uploads\/2019\/12\/los-angeles-dwntwn.jpg","contentUrl":"https:\/\/www.levinlegalhelp.com\/wp-content\/uploads\/2019\/12\/los-angeles-dwntwn.jpg","width":1920,"height":1278},{"@type":"BreadcrumbList","@id":"https:\/\/www.levinlegalhelp.com\/es\/contacta-con-nosotras\/#breadcrumb","itemListElement":[{"@type":"ListItem","position":1,"name":"Home","item":"https:\/\/www.levinlegalhelp.com\/es\/"},{"@type":"ListItem","position":2,"name":"Contacta con nosotras"}]},{"@type":"WebSite","@id":"https:\/\/www.levinlegalhelp.com\/es\/#website","url":"https:\/\/www.levinlegalhelp.com\/es\/","name":"Los Angeles Personal Injury Attorney","description":"","publisher":{"@id":"https:\/\/www.levinlegalhelp.com\/es\/#organization"},"potentialAction":[{"@type":"SearchAction","target":{"@type":"EntryPoint","urlTemplate":"https:\/\/www.levinlegalhelp.com\/es\/?s={search_term_string}"},"query-input":{"@type":"PropertyValueSpecification","valueRequired":true,"valueName":"search_term_string"}}],"inLanguage":"es"},{"@type":"Organization","@id":"https:\/\/www.levinlegalhelp.com\/es\/#organization","name":"Law Offices of Jennie Levin P.C.","url":"https:\/\/www.levinlegalhelp.com\/es\/","logo":{"@type":"ImageObject","inLanguage":"es","@id":"https:\/\/www.levinlegalhelp.com\/es\/#\/schema\/logo\/image\/","url":"https:\/\/www.levinlegalhelp.com\/wp-content\/uploads\/2020\/05\/jennie-levin-law-offices.jpg","contentUrl":"https:\/\/www.levinlegalhelp.com\/wp-content\/uploads\/2020\/05\/jennie-levin-law-offices.jpg","width":300,"height":85,"caption":"Law Offices of Jennie Levin P.C."},"image":{"@id":"https:\/\/www.levinlegalhelp.com\/es\/#\/schema\/logo\/image\/"},"sameAs":["https:\/\/www.facebook.com\/Law-Offices-of-Jennie-Levin-PC-676102555877360\/?rf=147715378604527","https:\/\/x.com\/JennieLevinLaw","https:\/\/www.instagram.com\/injuryattorney\/","https:\/\/www.linkedin.com\/company\/law-offices-of-jennie-levin-p.c.","https:\/\/www.pinterest.com\/LawOfficesOfJennieLevin\/","https:\/\/www.youtube.com\/channel\/UCaSB1Jf_tcCn5QwwEHMgyVA"]}]}},"_links":{"self":[{"href":"https:\/\/www.levinlegalhelp.com\/es\/wp-json\/wp\/v2\/pages\/2926","targetHints":{"allow":["GET"]}}],"collection":[{"href":"https:\/\/www.levinlegalhelp.com\/es\/wp-json\/wp\/v2\/pages"}],"about":[{"href":"https:\/\/www.levinlegalhelp.com\/es\/wp-json\/wp\/v2\/types\/page"}],"author":[{"embeddable":true,"href":"https:\/\/www.levinlegalhelp.com\/es\/wp-json\/wp\/v2\/users\/1"}],"replies":[{"embeddable":true,"href":"https:\/\/www.levinlegalhelp.com\/es\/wp-json\/wp\/v2\/comments?post=2926"}],"version-history":[{"count":2,"href":"https:\/\/www.levinlegalhelp.com\/es\/wp-json\/wp\/v2\/pages\/2926\/revisions"}],"predecessor-version":[{"id":2928,"href":"https:\/\/www.levinlegalhelp.com\/es\/wp-json\/wp\/v2\/pages\/2926\/revisions\/2928"}],"wp:featuredmedia":[{"embeddable":true,"href":"https:\/\/www.levinlegalhelp.com\/es\/wp-json\/wp\/v2\/media\/2298"}],"wp:attachment":[{"href":"https:\/\/www.levinlegalhelp.com\/es\/wp-json\/wp\/v2\/media?parent=2926"}],"curies":[{"name":"wp","href":"https:\/\/api.w.org\/{rel}","templated":true}]}}