{"id":2920,"date":"2019-12-03T21:49:17","date_gmt":"2019-12-03T21:49:17","guid":{"rendered":"https:\/\/www.levinlegalhelp.com\/accidentes-automovilisticos\/hit-run-accidents\/"},"modified":"2019-12-03T21:49:17","modified_gmt":"2019-12-03T21:49:17","slug":"hit-run-accidents","status":"publish","type":"page","link":"https:\/\/www.levinlegalhelp.com\/es\/accidentes-automovilisticos\/hit-run-accidents\/","title":{"rendered":"Hit &#038; Run Accidents"},"content":{"rendered":"","protected":false},"excerpt":{"rendered":"","protected":false},"author":1,"featured_media":2285,"parent":2804,"menu_order":2,"comment_status":"closed","ping_status":"closed","template":"template-page.php","meta":{"footnotes":""},"class_list":["post-2920","page","type-page","status-publish","has-post-thumbnail","hentry"],"acf":[],"yoast_head":"<!-- This site is optimized with the Yoast SEO plugin v26.5 - https:\/\/yoast.com\/wordpress\/plugins\/seo\/ -->\n<title>Abogado de Hit and Run de Los \u00c1ngeles Abogado de Hit and Run<\/title>\n<meta name=\"description\" content=\"Un golpe y fuga en California no es raro. Si result\u00f3 herido en un accidente de atropello y fuga, llame a nuestra abogada de Los \u00c1ngeles, Jennie Levin. Consulta gratis.\" \/>\n<meta name=\"robots\" content=\"index, follow, max-snippet:-1, max-image-preview:large, max-video-preview:-1\" \/>\n<link rel=\"canonical\" href=\"https:\/\/www.levinlegalhelp.com\/es\/accidentes-automovilisticos\/hit-run-accidents\/\" \/>\n<meta property=\"og:locale\" content=\"es_ES\" \/>\n<meta property=\"og:type\" content=\"article\" \/>\n<meta property=\"og:title\" content=\"Abogado de Hit and Run de Los \u00c1ngeles Abogado de Hit and Run\" \/>\n<meta property=\"og:description\" content=\"Un golpe y fuga en California no es raro. Si result\u00f3 herido en un accidente de atropello y fuga, llame a nuestra abogada de Los \u00c1ngeles, Jennie Levin. Consulta gratis.\" \/>\n<meta property=\"og:url\" content=\"https:\/\/www.levinlegalhelp.com\/es\/accidentes-automovilisticos\/hit-run-accidents\/\" \/>\n<meta property=\"og:site_name\" content=\"Los Angeles Personal Injury Attorney\" \/>\n<meta property=\"article:publisher\" content=\"https:\/\/www.facebook.com\/Law-Offices-of-Jennie-Levin-PC-676102555877360\/?rf=147715378604527\" \/>\n<meta property=\"og:image\" content=\"https:\/\/www.levinlegalhelp.com\/wp-content\/uploads\/2019\/12\/SubBanner_Main.jpg\" \/>\n\t<meta property=\"og:image:width\" content=\"2000\" \/>\n\t<meta property=\"og:image:height\" content=\"300\" \/>\n\t<meta property=\"og:image:type\" content=\"image\/jpeg\" \/>\n<meta name=\"twitter:card\" content=\"summary_large_image\" \/>\n<meta name=\"twitter:site\" content=\"@JennieLevinLaw\" \/>\n<script type=\"application\/ld+json\" class=\"yoast-schema-graph\">{\"@context\":\"https:\/\/schema.org\",\"@graph\":[{\"@type\":\"WebPage\",\"@id\":\"https:\/\/www.levinlegalhelp.com\/es\/accidentes-automovilisticos\/hit-run-accidents\/\",\"url\":\"https:\/\/www.levinlegalhelp.com\/es\/accidentes-automovilisticos\/hit-run-accidents\/\",\"name\":\"Abogado de Hit and Run de Los \u00c1ngeles Abogado de Hit and Run\",\"isPartOf\":{\"@id\":\"https:\/\/www.levinlegalhelp.com\/es\/#website\"},\"primaryImageOfPage\":{\"@id\":\"https:\/\/www.levinlegalhelp.com\/es\/accidentes-automovilisticos\/hit-run-accidents\/#primaryimage\"},\"image\":{\"@id\":\"https:\/\/www.levinlegalhelp.com\/es\/accidentes-automovilisticos\/hit-run-accidents\/#primaryimage\"},\"thumbnailUrl\":\"https:\/\/www.levinlegalhelp.com\/wp-content\/uploads\/2019\/12\/SubBanner_Main.jpg\",\"datePublished\":\"2019-12-03T21:49:17+00:00\",\"description\":\"Un golpe y fuga en California no es raro. Si result\u00f3 herido en un accidente de atropello y fuga, llame a nuestra abogada de Los \u00c1ngeles, Jennie Levin. Consulta gratis.\",\"breadcrumb\":{\"@id\":\"https:\/\/www.levinlegalhelp.com\/es\/accidentes-automovilisticos\/hit-run-accidents\/#breadcrumb\"},\"inLanguage\":\"es\",\"potentialAction\":[{\"@type\":\"ReadAction\",\"target\":[\"https:\/\/www.levinlegalhelp.com\/es\/accidentes-automovilisticos\/hit-run-accidents\/\"]}]},{\"@type\":\"ImageObject\",\"inLanguage\":\"es\",\"@id\":\"https:\/\/www.levinlegalhelp.com\/es\/accidentes-automovilisticos\/hit-run-accidents\/#primaryimage\",\"url\":\"https:\/\/www.levinlegalhelp.com\/wp-content\/uploads\/2019\/12\/SubBanner_Main.jpg\",\"contentUrl\":\"https:\/\/www.levinlegalhelp.com\/wp-content\/uploads\/2019\/12\/SubBanner_Main.jpg\",\"width\":2000,\"height\":300},{\"@type\":\"BreadcrumbList\",\"@id\":\"https:\/\/www.levinlegalhelp.com\/es\/accidentes-automovilisticos\/hit-run-accidents\/#breadcrumb\",\"itemListElement\":[{\"@type\":\"ListItem\",\"position\":1,\"name\":\"Home\",\"item\":\"https:\/\/www.levinlegalhelp.com\/es\/\"},{\"@type\":\"ListItem\",\"position\":2,\"name\":\"Accidentes automovil\u00edsticos\",\"item\":\"https:\/\/www.levinlegalhelp.com\/es\/car-accidents\/\"},{\"@type\":\"ListItem\",\"position\":3,\"name\":\"Hit &#038; Run Accidents\"}]},{\"@type\":\"WebSite\",\"@id\":\"https:\/\/www.levinlegalhelp.com\/es\/#website\",\"url\":\"https:\/\/www.levinlegalhelp.com\/es\/\",\"name\":\"Los Angeles Personal Injury Attorney\",\"description\":\"\",\"publisher\":{\"@id\":\"https:\/\/www.levinlegalhelp.com\/es\/#organization\"},\"potentialAction\":[{\"@type\":\"SearchAction\",\"target\":{\"@type\":\"EntryPoint\",\"urlTemplate\":\"https:\/\/www.levinlegalhelp.com\/es\/?s={search_term_string}\"},\"query-input\":{\"@type\":\"PropertyValueSpecification\",\"valueRequired\":true,\"valueName\":\"search_term_string\"}}],\"inLanguage\":\"es\"},{\"@type\":\"Organization\",\"@id\":\"https:\/\/www.levinlegalhelp.com\/es\/#organization\",\"name\":\"Law Offices of Jennie Levin P.C.\",\"url\":\"https:\/\/www.levinlegalhelp.com\/es\/\",\"logo\":{\"@type\":\"ImageObject\",\"inLanguage\":\"es\",\"@id\":\"https:\/\/www.levinlegalhelp.com\/es\/#\/schema\/logo\/image\/\",\"url\":\"https:\/\/www.levinlegalhelp.com\/wp-content\/uploads\/2020\/05\/jennie-levin-law-offices.jpg\",\"contentUrl\":\"https:\/\/www.levinlegalhelp.com\/wp-content\/uploads\/2020\/05\/jennie-levin-law-offices.jpg\",\"width\":300,\"height\":85,\"caption\":\"Law Offices of Jennie Levin P.C.\"},\"image\":{\"@id\":\"https:\/\/www.levinlegalhelp.com\/es\/#\/schema\/logo\/image\/\"},\"sameAs\":[\"https:\/\/www.facebook.com\/Law-Offices-of-Jennie-Levin-PC-676102555877360\/?rf=147715378604527\",\"https:\/\/x.com\/JennieLevinLaw\",\"https:\/\/www.instagram.com\/injuryattorney\/\",\"https:\/\/www.linkedin.com\/company\/law-offices-of-jennie-levin-p.c.\",\"https:\/\/www.pinterest.com\/LawOfficesOfJennieLevin\/\",\"https:\/\/www.youtube.com\/channel\/UCaSB1Jf_tcCn5QwwEHMgyVA\"]}]}<\/script>\n<!-- \/ Yoast SEO plugin. -->","yoast_head_json":{"title":"Abogado de Hit and Run de Los \u00c1ngeles Abogado de Hit and Run","description":"Un golpe y fuga en California no es raro. Si result\u00f3 herido en un accidente de atropello y fuga, llame a nuestra abogada de Los \u00c1ngeles, Jennie Levin. Consulta gratis.","robots":{"index":"index","follow":"follow","max-snippet":"max-snippet:-1","max-image-preview":"max-image-preview:large","max-video-preview":"max-video-preview:-1"},"canonical":"https:\/\/www.levinlegalhelp.com\/es\/accidentes-automovilisticos\/hit-run-accidents\/","og_locale":"es_ES","og_type":"article","og_title":"Abogado de Hit and Run de Los \u00c1ngeles Abogado de Hit and Run","og_description":"Un golpe y fuga en California no es raro. Si result\u00f3 herido en un accidente de atropello y fuga, llame a nuestra abogada de Los \u00c1ngeles, Jennie Levin. Consulta gratis.","og_url":"https:\/\/www.levinlegalhelp.com\/es\/accidentes-automovilisticos\/hit-run-accidents\/","og_site_name":"Los Angeles Personal Injury Attorney","article_publisher":"https:\/\/www.facebook.com\/Law-Offices-of-Jennie-Levin-PC-676102555877360\/?rf=147715378604527","og_image":[{"width":2000,"height":300,"url":"https:\/\/www.levinlegalhelp.com\/wp-content\/uploads\/2019\/12\/SubBanner_Main.jpg","type":"image\/jpeg"}],"twitter_card":"summary_large_image","twitter_site":"@JennieLevinLaw","schema":{"@context":"https:\/\/schema.org","@graph":[{"@type":"WebPage","@id":"https:\/\/www.levinlegalhelp.com\/es\/accidentes-automovilisticos\/hit-run-accidents\/","url":"https:\/\/www.levinlegalhelp.com\/es\/accidentes-automovilisticos\/hit-run-accidents\/","name":"Abogado de Hit and Run de Los \u00c1ngeles Abogado de Hit and Run","isPartOf":{"@id":"https:\/\/www.levinlegalhelp.com\/es\/#website"},"primaryImageOfPage":{"@id":"https:\/\/www.levinlegalhelp.com\/es\/accidentes-automovilisticos\/hit-run-accidents\/#primaryimage"},"image":{"@id":"https:\/\/www.levinlegalhelp.com\/es\/accidentes-automovilisticos\/hit-run-accidents\/#primaryimage"},"thumbnailUrl":"https:\/\/www.levinlegalhelp.com\/wp-content\/uploads\/2019\/12\/SubBanner_Main.jpg","datePublished":"2019-12-03T21:49:17+00:00","description":"Un golpe y fuga en California no es raro. Si result\u00f3 herido en un accidente de atropello y fuga, llame a nuestra abogada de Los \u00c1ngeles, Jennie Levin. Consulta gratis.","breadcrumb":{"@id":"https:\/\/www.levinlegalhelp.com\/es\/accidentes-automovilisticos\/hit-run-accidents\/#breadcrumb"},"inLanguage":"es","potentialAction":[{"@type":"ReadAction","target":["https:\/\/www.levinlegalhelp.com\/es\/accidentes-automovilisticos\/hit-run-accidents\/"]}]},{"@type":"ImageObject","inLanguage":"es","@id":"https:\/\/www.levinlegalhelp.com\/es\/accidentes-automovilisticos\/hit-run-accidents\/#primaryimage","url":"https:\/\/www.levinlegalhelp.com\/wp-content\/uploads\/2019\/12\/SubBanner_Main.jpg","contentUrl":"https:\/\/www.levinlegalhelp.com\/wp-content\/uploads\/2019\/12\/SubBanner_Main.jpg","width":2000,"height":300},{"@type":"BreadcrumbList","@id":"https:\/\/www.levinlegalhelp.com\/es\/accidentes-automovilisticos\/hit-run-accidents\/#breadcrumb","itemListElement":[{"@type":"ListItem","position":1,"name":"Home","item":"https:\/\/www.levinlegalhelp.com\/es\/"},{"@type":"ListItem","position":2,"name":"Accidentes automovil\u00edsticos","item":"https:\/\/www.levinlegalhelp.com\/es\/car-accidents\/"},{"@type":"ListItem","position":3,"name":"Hit &#038; Run Accidents"}]},{"@type":"WebSite","@id":"https:\/\/www.levinlegalhelp.com\/es\/#website","url":"https:\/\/www.levinlegalhelp.com\/es\/","name":"Los Angeles Personal Injury Attorney","description":"","publisher":{"@id":"https:\/\/www.levinlegalhelp.com\/es\/#organization"},"potentialAction":[{"@type":"SearchAction","target":{"@type":"EntryPoint","urlTemplate":"https:\/\/www.levinlegalhelp.com\/es\/?s={search_term_string}"},"query-input":{"@type":"PropertyValueSpecification","valueRequired":true,"valueName":"search_term_string"}}],"inLanguage":"es"},{"@type":"Organization","@id":"https:\/\/www.levinlegalhelp.com\/es\/#organization","name":"Law Offices of Jennie Levin P.C.","url":"https:\/\/www.levinlegalhelp.com\/es\/","logo":{"@type":"ImageObject","inLanguage":"es","@id":"https:\/\/www.levinlegalhelp.com\/es\/#\/schema\/logo\/image\/","url":"https:\/\/www.levinlegalhelp.com\/wp-content\/uploads\/2020\/05\/jennie-levin-law-offices.jpg","contentUrl":"https:\/\/www.levinlegalhelp.com\/wp-content\/uploads\/2020\/05\/jennie-levin-law-offices.jpg","width":300,"height":85,"caption":"Law Offices of Jennie Levin P.C."},"image":{"@id":"https:\/\/www.levinlegalhelp.com\/es\/#\/schema\/logo\/image\/"},"sameAs":["https:\/\/www.facebook.com\/Law-Offices-of-Jennie-Levin-PC-676102555877360\/?rf=147715378604527","https:\/\/x.com\/JennieLevinLaw","https:\/\/www.instagram.com\/injuryattorney\/","https:\/\/www.linkedin.com\/company\/law-offices-of-jennie-levin-p.c.","https:\/\/www.pinterest.com\/LawOfficesOfJennieLevin\/","https:\/\/www.youtube.com\/channel\/UCaSB1Jf_tcCn5QwwEHMgyVA"]}]}},"_links":{"self":[{"href":"https:\/\/www.levinlegalhelp.com\/es\/wp-json\/wp\/v2\/pages\/2920","targetHints":{"allow":["GET"]}}],"collection":[{"href":"https:\/\/www.levinlegalhelp.com\/es\/wp-json\/wp\/v2\/pages"}],"about":[{"href":"https:\/\/www.levinlegalhelp.com\/es\/wp-json\/wp\/v2\/types\/page"}],"author":[{"embeddable":true,"href":"https:\/\/www.levinlegalhelp.com\/es\/wp-json\/wp\/v2\/users\/1"}],"replies":[{"embeddable":true,"href":"https:\/\/www.levinlegalhelp.com\/es\/wp-json\/wp\/v2\/comments?post=2920"}],"version-history":[{"count":0,"href":"https:\/\/www.levinlegalhelp.com\/es\/wp-json\/wp\/v2\/pages\/2920\/revisions"}],"up":[{"embeddable":true,"href":"https:\/\/www.levinlegalhelp.com\/es\/wp-json\/wp\/v2\/pages\/2804"}],"wp:featuredmedia":[{"embeddable":true,"href":"https:\/\/www.levinlegalhelp.com\/es\/wp-json\/wp\/v2\/media\/2285"}],"wp:attachment":[{"href":"https:\/\/www.levinlegalhelp.com\/es\/wp-json\/wp\/v2\/media?parent=2920"}],"curies":[{"name":"wp","href":"https:\/\/api.w.org\/{rel}","templated":true}]}}